{"id":590,"date":"2021-05-12T08:55:31","date_gmt":"2021-05-12T08:55:31","guid":{"rendered":"https:\/\/santanderinagroup.com\/wbw\/?page_id=590"},"modified":"2021-05-18T09:43:17","modified_gmt":"2021-05-18T09:43:17","slug":"politica-de-privacidad-y-proteccion-de-datos","status":"publish","type":"page","link":"https:\/\/santanderinagroup.com\/wbw\/politica-de-privacidad-y-proteccion-de-datos\/","title":{"rendered":"Pol\u00edtica de privacidad y protecci\u00f3n de datos"},"content":{"rendered":"\t\t<div data-elementor-type=\"wp-page\" data-elementor-id=\"590\" class=\"elementor elementor-590\" data-elementor-settings=\"[]\">\n\t\t\t\t\t\t<div class=\"elementor-inner\">\n\t\t\t\t\t\t\t<div class=\"elementor-section-wrap\">\n\t\t\t\t\t\t\t<section class=\"elementor-section elementor-top-section elementor-element elementor-element-8a2efb4 elementor-section-height-min-height elementor-section-boxed elementor-section-height-default elementor-section-items-middle\" data-id=\"8a2efb4\" data-element_type=\"section\" data-settings=\"{&quot;background_background&quot;:&quot;classic&quot;}\">\n\t\t\t\t\t\t<div class=\"elementor-container elementor-column-gap-default\">\n\t\t\t\t\t\t\t<div class=\"elementor-row\">\n\t\t\t\t\t<div class=\"elementor-column elementor-col-16 elementor-top-column elementor-element elementor-element-b2278ae\" data-id=\"b2278ae\" data-element_type=\"column\">\n\t\t\t<div class=\"elementor-column-wrap\">\n\t\t\t\t\t\t\t<div class=\"elementor-widget-wrap\">\n\t\t\t\t\t\t\t\t<\/div>\n\t\t\t\t\t<\/div>\n\t\t<\/div>\n\t\t\t\t<div class=\"elementor-column elementor-col-66 elementor-top-column elementor-element elementor-element-06a44f6\" data-id=\"06a44f6\" data-element_type=\"column\">\n\t\t\t<div class=\"elementor-column-wrap elementor-element-populated\">\n\t\t\t\t\t\t\t<div class=\"elementor-widget-wrap\">\n\t\t\t\t\t\t<div class=\"elementor-element elementor-element-7da59d1 elementor-widget elementor-widget-image\" data-id=\"7da59d1\" data-element_type=\"widget\" data-widget_type=\"image.default\">\n\t\t\t\t<div class=\"elementor-widget-container\">\n\t\t\t\t\t\t\t\t<div class=\"elementor-image\">\n\t\t\t\t\t\t\t\t\t\t\t\t<img width=\"220\" height=\"31\" src=\"https:\/\/santanderinagroup.com\/wbw\/wp-content\/uploads\/2021\/05\/logo-santanderina.png\" class=\"attachment-large size-large\" alt=\"\" loading=\"lazy\" sizes=\"100vw\" \/>\t\t\t\t\t\t\t\t\t\t\t\t\t\t<\/div>\n\t\t\t\t\t\t<\/div>\n\t\t\t\t<\/div>\n\t\t\t\t\t\t<\/div>\n\t\t\t\t\t<\/div>\n\t\t<\/div>\n\t\t\t\t<div class=\"elementor-column elementor-col-16 elementor-top-column elementor-element elementor-element-330e62d\" data-id=\"330e62d\" data-element_type=\"column\">\n\t\t\t<div class=\"elementor-column-wrap elementor-element-populated\">\n\t\t\t\t\t\t\t<div class=\"elementor-widget-wrap\">\n\t\t\t\t\t\t<div class=\"elementor-element elementor-element-7a45e8f elementor-view-default elementor-widget elementor-widget-icon\" data-id=\"7a45e8f\" data-element_type=\"widget\" data-widget_type=\"icon.default\">\n\t\t\t\t<div class=\"elementor-widget-container\">\n\t\t\t\t\t<div class=\"elementor-icon-wrapper\">\n\t\t\t<a class=\"elementor-icon\" href=\"https:\/\/santanderinagroup.com\/wbw\/\">\n\t\t\t<i aria-hidden=\"true\" class=\"far fa-times-circle\"><\/i>\t\t\t<\/a>\n\t\t<\/div>\n\t\t\t\t<\/div>\n\t\t\t\t<\/div>\n\t\t\t\t\t\t<\/div>\n\t\t\t\t\t<\/div>\n\t\t<\/div>\n\t\t\t\t\t\t\t\t<\/div>\n\t\t\t\t\t<\/div>\n\t\t<\/section>\n\t\t\t\t<section class=\"elementor-section elementor-top-section elementor-element elementor-element-28bc7c2 elementor-section-boxed elementor-section-height-default elementor-section-height-default\" data-id=\"28bc7c2\" data-element_type=\"section\">\n\t\t\t\t\t\t<div class=\"elementor-container elementor-column-gap-default\">\n\t\t\t\t\t\t\t<div class=\"elementor-row\">\n\t\t\t\t\t<div class=\"elementor-column elementor-col-100 elementor-top-column elementor-element elementor-element-7ab0849\" data-id=\"7ab0849\" data-element_type=\"column\">\n\t\t\t<div class=\"elementor-column-wrap elementor-element-populated\">\n\t\t\t\t\t\t\t<div class=\"elementor-widget-wrap\">\n\t\t\t\t\t\t<div class=\"elementor-element elementor-element-e84d1d5 elementor-widget elementor-widget-heading\" data-id=\"e84d1d5\" data-element_type=\"widget\" data-widget_type=\"heading.default\">\n\t\t\t\t<div class=\"elementor-widget-container\">\n\t\t\t<h2 class=\"elementor-heading-title elementor-size-default\">Pol\u00edtica de privacidad y protecci\u00f3n de datos<\/h2>\t\t<\/div>\n\t\t\t\t<\/div>\n\t\t\t\t<div class=\"elementor-element elementor-element-ddfe204 elementor-widget elementor-widget-text-editor\" data-id=\"ddfe204\" data-element_type=\"widget\" data-widget_type=\"text-editor.default\">\n\t\t\t\t<div class=\"elementor-widget-container\">\n\t\t\t\t\t\t\t\t<div class=\"elementor-text-editor elementor-clearfix\">\n\t\t\t\t\t<div class=\"uncode_text_column\">En cumplimiento de lo dispuesto por los art\u00edculos 5 y 6 de la Ley Org\u00e1nica 15\/1999, de 13 de diciembre, de Protecci\u00f3n de Datos de Car\u00e1cter Personal (en adelante, \u201cLOPD\u201d), por el Real Decreto 1720\/2007 que la desarrolla, y por las disposiciones introducidas por el Reglamento General de Protecci\u00f3n de Datos (plenamente aplicable a partir del 25 de mayo de 2018), le informamos de que, a trav\u00e9s de la aceptaci\u00f3n de la presente Pol\u00edtica de Privacidad, usted facilita sus datos personales de forma voluntaria y no obligatoria, y consiente de forma inequ\u00edvoca y expresa, el tratamiento por parte de TEXTIL SANTANDERINA SA (en calidad de Responsable del Tratamiento), de los datos personales recabados u obtenidos a trav\u00e9s de la presente web, principalmente mediante formularios o enlaces de correo electr\u00f3nico.<br \/><br \/>La base jur\u00eddica para proceder al tratamiento de sus datos personales es su consentimiento inequ\u00edvoco, teniendo dicho tratamiento por finalidad el mantenimiento y la gesti\u00f3n de las relaciones con los usuarios, as\u00ed como la realizaci\u00f3n de labores comerciales y de actividades promocionales y publicitarias, en el marco de los servicios ofrecidos o prestados por TEXTIL SANTANDERINA SA. Sus datos de car\u00e1cter personal podr\u00e1n ser conservados mientras resulten de utilidad para los fines que motivaron su obtenci\u00f3n y en todo caso, siempre que usted no haya solicitado su eliminaci\u00f3n. Asimismo, los datos de car\u00e1cter personal recabados a trav\u00e9s del presente sitio web, no ser\u00e1n cedidos o comunicados a terceros salvo obligaci\u00f3n legal, o en todo caso, previa informaci\u00f3n y solicitud de su consentimiento expreso para ello, a excepci\u00f3n de aquellos casos en los que no sea necesaria su obtenci\u00f3n debido a que la prestaci\u00f3n de los servicios ofertados requiera necesariamente la conexi\u00f3n con ficheros de terceros.<br \/>Las actividades promocionales se\u00f1aladas en el p\u00e1rrafo anterior, podr\u00e1n llevarse a cabo mediante el env\u00edo de comunicaciones comerciales a trav\u00e9s de correo electr\u00f3nico o medios de comunicaci\u00f3n electr\u00f3nica equivalente. En relaci\u00f3n a dichas comunicaciones comerciales, en virtud de lo dispuesto por los art\u00edculos 21 y 22 de la LSSI, usted deber\u00e1 prestar su consentimiento expreso marcando la casilla \u201cAcepto\u201d, cuando mediante cualquier clase de formulario TEXTIL SANTANDERINA SA le solicite datos personales como su correo electr\u00f3nico o e-mail, con el fin de proceder a enviarle comunicaciones electr\u00f3nicas de car\u00e1cter comercial. Igualmente, en caso de que usted desee revocar el consentimiento prestado para el env\u00edo de dichas comunicaciones comerciales, deber\u00e1 dirigirse a TEXTIL SANTANDERINA SA a trav\u00e9s del correo electr\u00f3nico textilsantanderina@tsanta.es, haciendo constar su voluntad de dejar de recibir comunicaciones comerciales v\u00eda electr\u00f3nica o an\u00e1loga.<br \/><br \/>Por \u00faltimo, a trav\u00e9s de la presente Pol\u00edtica de Privacidad se le informa de que, en caso de que est\u00e9 interesado, podr\u00e1 ejercitar los derechos que como titular de sus datos personales le asisten en virtud de la LOPD y del Reglamento General de Protecci\u00f3n de Datos (desde el momento de su plena aplicaci\u00f3n), tales como el acceso, rectificaci\u00f3n, supresi\u00f3n, oposici\u00f3n, portabilidad, limitaci\u00f3n al tratamiento, y a no ser objeto de decisiones individualizadas y elaboraci\u00f3n de perfiles. De igual modo, usted tendr\u00e1 derecho a retirar o revocar el consentimiento prestado inicialmente para el tratamiento de sus datos personales, as\u00ed como a presentar las oportunas reclamaciones para la defensa de sus derechos ante la Agencia Espa\u00f1ola de Protecci\u00f3n de Datos (AEPD). Usted podr\u00e1 llevar a cabo el ejercicio de los mencionados derechos mediante solicitud escrita y firmada, dirigida a TEXTIL SANTANDERINA SA, AVDA TEXTIL SANTANDERINA S\/N,39500 \u2013 CABEZ\u00d3N DE LA SAL (CANTABRIA), a la atenci\u00f3n del Responsable del Tratamiento. El interesado deber\u00e1 enviar dicha comunicaci\u00f3n indicando la petici\u00f3n o derecho que ejercita y si es necesario, la documentaci\u00f3n en que se fundamenta; su nombre y apellidos; un domicilio a efectos de notificaciones; y una copia de su NIF, pasaporte o documento de identidad equivalente.\u2028TEXTIL SANTANDERINA SA se reserva el derecho a modificar la presente Pol\u00edtica de Privacidad de conformidad con las posibles variaciones que pueda experimentar la Ley, siendo dichos cambios introducidos con la antelaci\u00f3n suficiente para dar cumplimiento tanto a la normativa en materia de protecci\u00f3n de datos personales, como a los criterios adoptados y seguidos por la Agencia Espa\u00f1ola de Protecci\u00f3n de Datos (AEPD).<\/div>\t\t\t\t\t<\/div>\n\t\t\t\t\t\t<\/div>\n\t\t\t\t<\/div>\n\t\t\t\t\t\t<\/div>\n\t\t\t\t\t<\/div>\n\t\t<\/div>\n\t\t\t\t\t\t\t\t<\/div>\n\t\t\t\t\t<\/div>\n\t\t<\/section>\n\t\t\t\t\t\t<\/div>\n\t\t\t\t\t\t<\/div>\n\t\t\t\t\t<\/div>\n\t\t","protected":false},"excerpt":{"rendered":"<p>Pol\u00edtica de privacidad y protecci\u00f3n de datos En cumplimiento de lo dispuesto por los art\u00edculos 5 y 6 de la Ley Org\u00e1nica 15\/1999, de 13 de diciembre, de Protecci\u00f3n de Datos de Car\u00e1cter Personal (en adelante, \u201cLOPD\u201d), por el Real Decreto 1720\/2007 que la desarrolla, y por las disposiciones introducidas por el Reglamento General de &hellip; <\/p>\n<p class=\"link-more\"><a href=\"https:\/\/santanderinagroup.com\/wbw\/politica-de-privacidad-y-proteccion-de-datos\/\" class=\"more-link\">Continuar leyendo<span class=\"screen-reader-text\"> \u00abPol\u00edtica de privacidad y protecci\u00f3n de datos\u00bb<\/span><\/a><\/p>\n","protected":false},"author":1,"featured_media":0,"parent":0,"menu_order":0,"comment_status":"closed","ping_status":"closed","template":"elementor_canvas","meta":[],"_links":{"self":[{"href":"https:\/\/santanderinagroup.com\/wbw\/wp-json\/wp\/v2\/pages\/590"}],"collection":[{"href":"https:\/\/santanderinagroup.com\/wbw\/wp-json\/wp\/v2\/pages"}],"about":[{"href":"https:\/\/santanderinagroup.com\/wbw\/wp-json\/wp\/v2\/types\/page"}],"author":[{"embeddable":true,"href":"https:\/\/santanderinagroup.com\/wbw\/wp-json\/wp\/v2\/users\/1"}],"replies":[{"embeddable":true,"href":"https:\/\/santanderinagroup.com\/wbw\/wp-json\/wp\/v2\/comments?post=590"}],"version-history":[{"count":5,"href":"https:\/\/santanderinagroup.com\/wbw\/wp-json\/wp\/v2\/pages\/590\/revisions"}],"predecessor-version":[{"id":736,"href":"https:\/\/santanderinagroup.com\/wbw\/wp-json\/wp\/v2\/pages\/590\/revisions\/736"}],"wp:attachment":[{"href":"https:\/\/santanderinagroup.com\/wbw\/wp-json\/wp\/v2\/media?parent=590"}],"curies":[{"name":"wp","href":"https:\/\/api.w.org\/{rel}","templated":true}]}}